{"id":2498,"date":"2024-05-22T20:24:09","date_gmt":"2024-05-22T20:24:09","guid":{"rendered":"https:\/\/atlasedge.com\/boilerplate\/"},"modified":"2026-03-11T14:30:12","modified_gmt":"2026-03-11T14:30:12","slug":"boilerplate","status":"publish","type":"page","link":"https:\/\/atlasedge.com\/de\/boilerplate\/","title":{"rendered":"Kurzvorstellung AtlasEdge"},"content":{"rendered":"\n<p>AtlasEdge konzipiert, baut und betreibt hochsichere, skalierbare Rechenzentren an 14 strategischen Standorten in Europa. Als Joint Venture von Liberty Global und DigitalBridge erschlie\u00dfen wir die n\u00e4chste Generation vielversprechender M\u00e4rkte \u2013 darunter Lissabon, Wien, Barcelona, Madrid, Br\u00fcssel sowie mehrere deutsche Metropolen.<\/p>\n\n\n\n<p>Unsere bew\u00e4hrte modulare Bauweise erm\u00f6glicht schnelle Bereitstellungen unter 10\u202fMW. Gleichzeitig entwickeln wir gro\u00dfe Campus\u2011Standorte und planen, bis Ende 2026 \u00fcber 500\u202fMW leistungsf\u00e4hige Infrastruktur in unserer Powered Landbank zu realisieren.<\/p>\n\n\n\n<p>Seit 2021 setzen Kunden bei AtlasEdge KI\u2011, Cloud\u2011 und gesch\u00e4ftskritische Workloads in unseren vollst\u00e4ndig redundanten (2N) Rechenzentren ein \u2013 wahlweise mit Liquid\u2011to\u2011Chip\u2011 oder luftgek\u00fchlten L\u00f6sungen. Alle Neubauten werden zu 100\u202f% mit erneuerbarer Energie betrieben.<\/p>\n\n\n\n<p>Zus\u00e4tzlich begleiten unsere Steuer-, Rechts- und Standortteams Unternehmen beim Markteintritt in neue europ\u00e4ische Regionen und unterst\u00fctzen sie dabei, regulatorische, kommerzielle und technische Anforderungen sicher und effizient zu meistern.<\/p>\n\n\n\n<p><\/p>\n","protected":false},"excerpt":{"rendered":"<p>AtlasEdge konzipiert, baut und betreibt hochsichere, skalierbare Rechenzentren an 14 strategischen Standorten in Europa. Als Joint Venture von Liberty Global und DigitalBridge erschlie\u00dfen wir die n\u00e4chste Generation vielversprechender M\u00e4rkte \u2013<\/p>\n","protected":false},"author":1,"featured_media":0,"parent":0,"menu_order":0,"comment_status":"closed","ping_status":"closed","template":"page-boilerplate.php","meta":{"_acf_changed":false,"footnotes":""},"class_list":["post-2498","page","type-page","status-publish","hentry"],"acf":[],"yoast_head":"<!-- This site is optimized with the Yoast SEO plugin v27.3 - https:\/\/yoast.com\/product\/yoast-seo-wordpress\/ -->\n<title>Kurzvorstellung AtlasEdge - \u00dcber uns<\/title>\n<meta name=\"description\" content=\"AtlasEdge Data Centres ist einer der am schnellsten wachsenden Anbieter von Rechenzentren in Europa - lernen Sie uns kennen.\" \/>\n<meta name=\"robots\" content=\"index, follow, max-snippet:-1, max-image-preview:large, max-video-preview:-1\" \/>\n<link rel=\"canonical\" href=\"https:\/\/atlasedge.com\/de\/boilerplate\/\" \/>\n<meta property=\"og:locale\" content=\"de_DE\" \/>\n<meta property=\"og:type\" content=\"article\" \/>\n<meta property=\"og:title\" content=\"Kurzvorstellung AtlasEdge - \u00dcber uns\" \/>\n<meta property=\"og:description\" content=\"AtlasEdge Data Centres ist einer der am schnellsten wachsenden Anbieter von Rechenzentren in Europa - lernen Sie uns kennen.\" \/>\n<meta property=\"og:url\" content=\"https:\/\/atlasedge.com\/de\/boilerplate\/\" \/>\n<meta property=\"og:site_name\" content=\"AtlasEdge\" \/>\n<meta property=\"article:modified_time\" content=\"2026-03-11T14:30:12+00:00\" \/>\n<meta name=\"twitter:card\" content=\"summary_large_image\" \/>\n<meta name=\"twitter:label1\" content=\"Gesch\u00e4tzte Lesezeit\" \/>\n\t<meta name=\"twitter:data1\" content=\"1\u00a0Minute\" \/>\n<script type=\"application\/ld+json\" class=\"yoast-schema-graph\">{\"@context\":\"https:\\\/\\\/schema.org\",\"@graph\":[{\"@type\":\"WebPage\",\"@id\":\"https:\\\/\\\/atlasedge.com\\\/de\\\/boilerplate\\\/\",\"url\":\"https:\\\/\\\/atlasedge.com\\\/de\\\/boilerplate\\\/\",\"name\":\"Kurzvorstellung AtlasEdge - \u00dcber uns\",\"isPartOf\":{\"@id\":\"https:\\\/\\\/atlasedge.com\\\/de\\\/#website\"},\"datePublished\":\"2024-05-22T20:24:09+00:00\",\"dateModified\":\"2026-03-11T14:30:12+00:00\",\"description\":\"AtlasEdge Data Centres ist einer der am schnellsten wachsenden Anbieter von Rechenzentren in Europa - lernen Sie uns kennen.\",\"breadcrumb\":{\"@id\":\"https:\\\/\\\/atlasedge.com\\\/de\\\/boilerplate\\\/#breadcrumb\"},\"inLanguage\":\"de\",\"potentialAction\":[{\"@type\":\"ReadAction\",\"target\":[\"https:\\\/\\\/atlasedge.com\\\/de\\\/boilerplate\\\/\"]}]},{\"@type\":\"BreadcrumbList\",\"@id\":\"https:\\\/\\\/atlasedge.com\\\/de\\\/boilerplate\\\/#breadcrumb\",\"itemListElement\":[{\"@type\":\"ListItem\",\"position\":1,\"name\":\"Home\",\"item\":\"https:\\\/\\\/atlasedge.com\\\/de\\\/\"},{\"@type\":\"ListItem\",\"position\":2,\"name\":\"Kurzvorstellung AtlasEdge\"}]},{\"@type\":\"WebSite\",\"@id\":\"https:\\\/\\\/atlasedge.com\\\/de\\\/#website\",\"url\":\"https:\\\/\\\/atlasedge.com\\\/de\\\/\",\"name\":\"AtlasEdge\",\"description\":\"\",\"publisher\":{\"@id\":\"https:\\\/\\\/atlasedge.com\\\/de\\\/#organization\"},\"potentialAction\":[{\"@type\":\"SearchAction\",\"target\":{\"@type\":\"EntryPoint\",\"urlTemplate\":\"https:\\\/\\\/atlasedge.com\\\/de\\\/?s={search_term_string}\"},\"query-input\":{\"@type\":\"PropertyValueSpecification\",\"valueRequired\":true,\"valueName\":\"search_term_string\"}}],\"inLanguage\":\"de\"},{\"@type\":\"Organization\",\"@id\":\"https:\\\/\\\/atlasedge.com\\\/de\\\/#organization\",\"name\":\"AtlasEdge\",\"url\":\"https:\\\/\\\/atlasedge.com\\\/de\\\/\",\"logo\":{\"@type\":\"ImageObject\",\"inLanguage\":\"de\",\"@id\":\"https:\\\/\\\/atlasedge.com\\\/de\\\/#\\\/schema\\\/logo\\\/image\\\/\",\"url\":\"http:\\\/\\\/atlasedge.com\\\/wp-content\\\/uploads\\\/2024\\\/05\\\/brand_logo_secondary_red_black.png\",\"contentUrl\":\"http:\\\/\\\/atlasedge.com\\\/wp-content\\\/uploads\\\/2024\\\/05\\\/brand_logo_secondary_red_black.png\",\"width\":1010,\"height\":568,\"caption\":\"AtlasEdge\"},\"image\":{\"@id\":\"https:\\\/\\\/atlasedge.com\\\/de\\\/#\\\/schema\\\/logo\\\/image\\\/\"},\"sameAs\":[\"https:\\\/\\\/www.linkedin.com\\\/company\\\/atlasedge\\\/\",\"https:\\\/\\\/www.instagram.com\\\/atlasedge_\\\/\",\"https:\\\/\\\/www.youtube.com\\\/channel\\\/UCalrEScMyrV7s-G8PRXiXHQ\"]}]}<\/script>\n<!-- \/ Yoast SEO plugin. -->","yoast_head_json":{"title":"Kurzvorstellung AtlasEdge - \u00dcber uns","description":"AtlasEdge Data Centres ist einer der am schnellsten wachsenden Anbieter von Rechenzentren in Europa - lernen Sie uns kennen.","robots":{"index":"index","follow":"follow","max-snippet":"max-snippet:-1","max-image-preview":"max-image-preview:large","max-video-preview":"max-video-preview:-1"},"canonical":"https:\/\/atlasedge.com\/de\/boilerplate\/","og_locale":"de_DE","og_type":"article","og_title":"Kurzvorstellung AtlasEdge - \u00dcber uns","og_description":"AtlasEdge Data Centres ist einer der am schnellsten wachsenden Anbieter von Rechenzentren in Europa - lernen Sie uns kennen.","og_url":"https:\/\/atlasedge.com\/de\/boilerplate\/","og_site_name":"AtlasEdge","article_modified_time":"2026-03-11T14:30:12+00:00","twitter_card":"summary_large_image","twitter_misc":{"Gesch\u00e4tzte Lesezeit":"1\u00a0Minute"},"schema":{"@context":"https:\/\/schema.org","@graph":[{"@type":"WebPage","@id":"https:\/\/atlasedge.com\/de\/boilerplate\/","url":"https:\/\/atlasedge.com\/de\/boilerplate\/","name":"Kurzvorstellung AtlasEdge - \u00dcber uns","isPartOf":{"@id":"https:\/\/atlasedge.com\/de\/#website"},"datePublished":"2024-05-22T20:24:09+00:00","dateModified":"2026-03-11T14:30:12+00:00","description":"AtlasEdge Data Centres ist einer der am schnellsten wachsenden Anbieter von Rechenzentren in Europa - lernen Sie uns kennen.","breadcrumb":{"@id":"https:\/\/atlasedge.com\/de\/boilerplate\/#breadcrumb"},"inLanguage":"de","potentialAction":[{"@type":"ReadAction","target":["https:\/\/atlasedge.com\/de\/boilerplate\/"]}]},{"@type":"BreadcrumbList","@id":"https:\/\/atlasedge.com\/de\/boilerplate\/#breadcrumb","itemListElement":[{"@type":"ListItem","position":1,"name":"Home","item":"https:\/\/atlasedge.com\/de\/"},{"@type":"ListItem","position":2,"name":"Kurzvorstellung AtlasEdge"}]},{"@type":"WebSite","@id":"https:\/\/atlasedge.com\/de\/#website","url":"https:\/\/atlasedge.com\/de\/","name":"AtlasEdge","description":"","publisher":{"@id":"https:\/\/atlasedge.com\/de\/#organization"},"potentialAction":[{"@type":"SearchAction","target":{"@type":"EntryPoint","urlTemplate":"https:\/\/atlasedge.com\/de\/?s={search_term_string}"},"query-input":{"@type":"PropertyValueSpecification","valueRequired":true,"valueName":"search_term_string"}}],"inLanguage":"de"},{"@type":"Organization","@id":"https:\/\/atlasedge.com\/de\/#organization","name":"AtlasEdge","url":"https:\/\/atlasedge.com\/de\/","logo":{"@type":"ImageObject","inLanguage":"de","@id":"https:\/\/atlasedge.com\/de\/#\/schema\/logo\/image\/","url":"http:\/\/atlasedge.com\/wp-content\/uploads\/2024\/05\/brand_logo_secondary_red_black.png","contentUrl":"http:\/\/atlasedge.com\/wp-content\/uploads\/2024\/05\/brand_logo_secondary_red_black.png","width":1010,"height":568,"caption":"AtlasEdge"},"image":{"@id":"https:\/\/atlasedge.com\/de\/#\/schema\/logo\/image\/"},"sameAs":["https:\/\/www.linkedin.com\/company\/atlasedge\/","https:\/\/www.instagram.com\/atlasedge_\/","https:\/\/www.youtube.com\/channel\/UCalrEScMyrV7s-G8PRXiXHQ"]}]}},"_links":{"self":[{"href":"https:\/\/atlasedge.com\/de\/wp-json\/wp\/v2\/pages\/2498","targetHints":{"allow":["GET"]}}],"collection":[{"href":"https:\/\/atlasedge.com\/de\/wp-json\/wp\/v2\/pages"}],"about":[{"href":"https:\/\/atlasedge.com\/de\/wp-json\/wp\/v2\/types\/page"}],"author":[{"embeddable":true,"href":"https:\/\/atlasedge.com\/de\/wp-json\/wp\/v2\/users\/1"}],"replies":[{"embeddable":true,"href":"https:\/\/atlasedge.com\/de\/wp-json\/wp\/v2\/comments?post=2498"}],"version-history":[{"count":0,"href":"https:\/\/atlasedge.com\/de\/wp-json\/wp\/v2\/pages\/2498\/revisions"}],"wp:attachment":[{"href":"https:\/\/atlasedge.com\/de\/wp-json\/wp\/v2\/media?parent=2498"}],"curies":[{"name":"wp","href":"https:\/\/api.w.org\/{rel}","templated":true}]}}