{"id":2515,"date":"2024-08-14T08:39:08","date_gmt":"2024-08-14T08:39:08","guid":{"rendered":"https:\/\/atlasedge.com\/ecosystem\/networks\/"},"modified":"2025-11-26T16:00:50","modified_gmt":"2025-11-26T16:00:50","slug":"konnektivitaet","status":"publish","type":"page","link":"https:\/\/atlasedge.com\/de\/oekosystem\/konnektivitaet\/","title":{"rendered":"Networks"},"content":{"rendered":"","protected":false},"excerpt":{"rendered":"","protected":false},"author":7,"featured_media":0,"parent":2514,"menu_order":0,"comment_status":"closed","ping_status":"closed","template":"","meta":{"_acf_changed":true,"footnotes":""},"class_list":["post-2515","page","type-page","status-publish","hentry"],"acf":[],"yoast_head":"<!-- This site is optimized with the Yoast SEO plugin v27.3 - https:\/\/yoast.com\/product\/yoast-seo-wordpress\/ -->\n<title>Konnektivit\u00e4t im Rechenzentrum - nahtlos und leistungsstark<\/title>\n<meta name=\"description\" content=\"Erfahren Sie mehr \u00fcber das Netzwerk und die Konnektivit\u00e4tspartner in unseren Rechenzentren - f\u00fcr eine ma\u00dfgeschneiderte Anbindung.\" \/>\n<meta name=\"robots\" content=\"index, follow, max-snippet:-1, max-image-preview:large, max-video-preview:-1\" \/>\n<link rel=\"canonical\" href=\"https:\/\/atlasedge.com\/de\/oekosystem\/konnektivitaet\/\" \/>\n<meta property=\"og:locale\" content=\"de_DE\" \/>\n<meta property=\"og:type\" content=\"article\" \/>\n<meta property=\"og:title\" content=\"Konnektivit\u00e4t im Rechenzentrum - nahtlos und leistungsstark\" \/>\n<meta property=\"og:description\" content=\"Erfahren Sie mehr \u00fcber das Netzwerk und die Konnektivit\u00e4tspartner in unseren Rechenzentren - f\u00fcr eine ma\u00dfgeschneiderte Anbindung.\" \/>\n<meta property=\"og:url\" content=\"https:\/\/atlasedge.com\/de\/oekosystem\/konnektivitaet\/\" \/>\n<meta property=\"og:site_name\" content=\"AtlasEdge\" \/>\n<meta property=\"article:modified_time\" content=\"2025-11-26T16:00:50+00:00\" \/>\n<meta name=\"twitter:card\" content=\"summary_large_image\" \/>\n<meta name=\"twitter:label1\" content=\"Gesch\u00e4tzte Lesezeit\" \/>\n\t<meta name=\"twitter:data1\" content=\"4\u00a0Minuten\" \/>\n<script type=\"application\/ld+json\" class=\"yoast-schema-graph\">{\"@context\":\"https:\\\/\\\/schema.org\",\"@graph\":[{\"@type\":\"WebPage\",\"@id\":\"https:\\\/\\\/atlasedge.com\\\/de\\\/oekosystem\\\/konnektivitaet\\\/\",\"url\":\"https:\\\/\\\/atlasedge.com\\\/de\\\/oekosystem\\\/konnektivitaet\\\/\",\"name\":\"Konnektivit\u00e4t im Rechenzentrum - nahtlos und leistungsstark\",\"isPartOf\":{\"@id\":\"https:\\\/\\\/atlasedge.com\\\/de\\\/#website\"},\"datePublished\":\"2024-08-14T08:39:08+00:00\",\"dateModified\":\"2025-11-26T16:00:50+00:00\",\"description\":\"Erfahren Sie mehr \u00fcber das Netzwerk und die Konnektivit\u00e4tspartner in unseren Rechenzentren - f\u00fcr eine ma\u00dfgeschneiderte Anbindung.\",\"breadcrumb\":{\"@id\":\"https:\\\/\\\/atlasedge.com\\\/de\\\/oekosystem\\\/konnektivitaet\\\/#breadcrumb\"},\"inLanguage\":\"de\",\"potentialAction\":[{\"@type\":\"ReadAction\",\"target\":[\"https:\\\/\\\/atlasedge.com\\\/de\\\/oekosystem\\\/konnektivitaet\\\/\"]}]},{\"@type\":\"BreadcrumbList\",\"@id\":\"https:\\\/\\\/atlasedge.com\\\/de\\\/oekosystem\\\/konnektivitaet\\\/#breadcrumb\",\"itemListElement\":[{\"@type\":\"ListItem\",\"position\":1,\"name\":\"Home\",\"item\":\"https:\\\/\\\/atlasedge.com\\\/de\\\/\"},{\"@type\":\"ListItem\",\"position\":2,\"name\":\"\u00d6kosystem\",\"item\":\"https:\\\/\\\/atlasedge.com\\\/de\\\/oekosystem\\\/\"},{\"@type\":\"ListItem\",\"position\":3,\"name\":\"Networks\"}]},{\"@type\":\"WebSite\",\"@id\":\"https:\\\/\\\/atlasedge.com\\\/de\\\/#website\",\"url\":\"https:\\\/\\\/atlasedge.com\\\/de\\\/\",\"name\":\"AtlasEdge\",\"description\":\"\",\"publisher\":{\"@id\":\"https:\\\/\\\/atlasedge.com\\\/de\\\/#organization\"},\"potentialAction\":[{\"@type\":\"SearchAction\",\"target\":{\"@type\":\"EntryPoint\",\"urlTemplate\":\"https:\\\/\\\/atlasedge.com\\\/de\\\/?s={search_term_string}\"},\"query-input\":{\"@type\":\"PropertyValueSpecification\",\"valueRequired\":true,\"valueName\":\"search_term_string\"}}],\"inLanguage\":\"de\"},{\"@type\":\"Organization\",\"@id\":\"https:\\\/\\\/atlasedge.com\\\/de\\\/#organization\",\"name\":\"AtlasEdge\",\"url\":\"https:\\\/\\\/atlasedge.com\\\/de\\\/\",\"logo\":{\"@type\":\"ImageObject\",\"inLanguage\":\"de\",\"@id\":\"https:\\\/\\\/atlasedge.com\\\/de\\\/#\\\/schema\\\/logo\\\/image\\\/\",\"url\":\"http:\\\/\\\/atlasedge.com\\\/wp-content\\\/uploads\\\/2024\\\/05\\\/brand_logo_secondary_red_black.png\",\"contentUrl\":\"http:\\\/\\\/atlasedge.com\\\/wp-content\\\/uploads\\\/2024\\\/05\\\/brand_logo_secondary_red_black.png\",\"width\":1010,\"height\":568,\"caption\":\"AtlasEdge\"},\"image\":{\"@id\":\"https:\\\/\\\/atlasedge.com\\\/de\\\/#\\\/schema\\\/logo\\\/image\\\/\"},\"sameAs\":[\"https:\\\/\\\/www.linkedin.com\\\/company\\\/atlasedge\\\/\",\"https:\\\/\\\/www.instagram.com\\\/atlasedge_\\\/\",\"https:\\\/\\\/www.youtube.com\\\/channel\\\/UCalrEScMyrV7s-G8PRXiXHQ\"]}]}<\/script>\n<!-- \/ Yoast SEO plugin. -->","yoast_head_json":{"title":"Konnektivit\u00e4t im Rechenzentrum - nahtlos und leistungsstark","description":"Erfahren Sie mehr \u00fcber das Netzwerk und die Konnektivit\u00e4tspartner in unseren Rechenzentren - f\u00fcr eine ma\u00dfgeschneiderte Anbindung.","robots":{"index":"index","follow":"follow","max-snippet":"max-snippet:-1","max-image-preview":"max-image-preview:large","max-video-preview":"max-video-preview:-1"},"canonical":"https:\/\/atlasedge.com\/de\/oekosystem\/konnektivitaet\/","og_locale":"de_DE","og_type":"article","og_title":"Konnektivit\u00e4t im Rechenzentrum - nahtlos und leistungsstark","og_description":"Erfahren Sie mehr \u00fcber das Netzwerk und die Konnektivit\u00e4tspartner in unseren Rechenzentren - f\u00fcr eine ma\u00dfgeschneiderte Anbindung.","og_url":"https:\/\/atlasedge.com\/de\/oekosystem\/konnektivitaet\/","og_site_name":"AtlasEdge","article_modified_time":"2025-11-26T16:00:50+00:00","twitter_card":"summary_large_image","twitter_misc":{"Gesch\u00e4tzte Lesezeit":"4\u00a0Minuten"},"schema":{"@context":"https:\/\/schema.org","@graph":[{"@type":"WebPage","@id":"https:\/\/atlasedge.com\/de\/oekosystem\/konnektivitaet\/","url":"https:\/\/atlasedge.com\/de\/oekosystem\/konnektivitaet\/","name":"Konnektivit\u00e4t im Rechenzentrum - nahtlos und leistungsstark","isPartOf":{"@id":"https:\/\/atlasedge.com\/de\/#website"},"datePublished":"2024-08-14T08:39:08+00:00","dateModified":"2025-11-26T16:00:50+00:00","description":"Erfahren Sie mehr \u00fcber das Netzwerk und die Konnektivit\u00e4tspartner in unseren Rechenzentren - f\u00fcr eine ma\u00dfgeschneiderte Anbindung.","breadcrumb":{"@id":"https:\/\/atlasedge.com\/de\/oekosystem\/konnektivitaet\/#breadcrumb"},"inLanguage":"de","potentialAction":[{"@type":"ReadAction","target":["https:\/\/atlasedge.com\/de\/oekosystem\/konnektivitaet\/"]}]},{"@type":"BreadcrumbList","@id":"https:\/\/atlasedge.com\/de\/oekosystem\/konnektivitaet\/#breadcrumb","itemListElement":[{"@type":"ListItem","position":1,"name":"Home","item":"https:\/\/atlasedge.com\/de\/"},{"@type":"ListItem","position":2,"name":"\u00d6kosystem","item":"https:\/\/atlasedge.com\/de\/oekosystem\/"},{"@type":"ListItem","position":3,"name":"Networks"}]},{"@type":"WebSite","@id":"https:\/\/atlasedge.com\/de\/#website","url":"https:\/\/atlasedge.com\/de\/","name":"AtlasEdge","description":"","publisher":{"@id":"https:\/\/atlasedge.com\/de\/#organization"},"potentialAction":[{"@type":"SearchAction","target":{"@type":"EntryPoint","urlTemplate":"https:\/\/atlasedge.com\/de\/?s={search_term_string}"},"query-input":{"@type":"PropertyValueSpecification","valueRequired":true,"valueName":"search_term_string"}}],"inLanguage":"de"},{"@type":"Organization","@id":"https:\/\/atlasedge.com\/de\/#organization","name":"AtlasEdge","url":"https:\/\/atlasedge.com\/de\/","logo":{"@type":"ImageObject","inLanguage":"de","@id":"https:\/\/atlasedge.com\/de\/#\/schema\/logo\/image\/","url":"http:\/\/atlasedge.com\/wp-content\/uploads\/2024\/05\/brand_logo_secondary_red_black.png","contentUrl":"http:\/\/atlasedge.com\/wp-content\/uploads\/2024\/05\/brand_logo_secondary_red_black.png","width":1010,"height":568,"caption":"AtlasEdge"},"image":{"@id":"https:\/\/atlasedge.com\/de\/#\/schema\/logo\/image\/"},"sameAs":["https:\/\/www.linkedin.com\/company\/atlasedge\/","https:\/\/www.instagram.com\/atlasedge_\/","https:\/\/www.youtube.com\/channel\/UCalrEScMyrV7s-G8PRXiXHQ"]}]}},"_links":{"self":[{"href":"https:\/\/atlasedge.com\/de\/wp-json\/wp\/v2\/pages\/2515","targetHints":{"allow":["GET"]}}],"collection":[{"href":"https:\/\/atlasedge.com\/de\/wp-json\/wp\/v2\/pages"}],"about":[{"href":"https:\/\/atlasedge.com\/de\/wp-json\/wp\/v2\/types\/page"}],"author":[{"embeddable":true,"href":"https:\/\/atlasedge.com\/de\/wp-json\/wp\/v2\/users\/7"}],"replies":[{"embeddable":true,"href":"https:\/\/atlasedge.com\/de\/wp-json\/wp\/v2\/comments?post=2515"}],"version-history":[{"count":0,"href":"https:\/\/atlasedge.com\/de\/wp-json\/wp\/v2\/pages\/2515\/revisions"}],"up":[{"embeddable":true,"href":"https:\/\/atlasedge.com\/de\/wp-json\/wp\/v2\/pages\/2514"}],"wp:attachment":[{"href":"https:\/\/atlasedge.com\/de\/wp-json\/wp\/v2\/media?parent=2515"}],"curies":[{"name":"wp","href":"https:\/\/api.w.org\/{rel}","templated":true}]}}