{"id":2524,"date":"2024-10-24T08:29:40","date_gmt":"2024-10-24T08:29:40","guid":{"rendered":"https:\/\/atlasedge.com\/policies-and-procedures-german\/"},"modified":"2024-12-08T11:37:20","modified_gmt":"2024-12-08T11:37:20","slug":"policies-and-procedures-german","status":"publish","type":"page","link":"https:\/\/atlasedge.com\/de\/policies-and-procedures-german\/","title":{"rendered":"Policies and Procedures German"},"content":{"rendered":"\n<ul class=\"wp-block-list\">\n<li>Die Verwendung von Kameras oder anderen Bildaufnahmeger\u00e4ten ist im Datencenter strengstens untersagt, es sei denn, diese Verwendung wurde vom Site Manager \/ Security und\/oder Compliance genehmigt. Siehe unsere Richtlinien f\u00fcr Video- und Fotoaufnahmen.<\/li>\n<\/ul>\n\n\n\n<ul class=\"wp-block-list\">\n<li>Wenn ein Besuch oder eine Arbeit geplant ist, hat Ihr AtlasEdge-Host spezifische Anweisungen erhalten, um sicherzustellen, dass Ihr Besuch auf der Basis des H&amp;S auf eine sichere, zufriedenstellende und konforme Weise durchgef\u00fchrt wird. Ihr Gastgeber ist zu jeder Zeit f\u00fcr Sie verantwortlich, w\u00e4hrend Sie vor Ort sind.<\/li>\n<\/ul>\n\n\n\n<ul class=\"wp-block-list\">\n<li>Im Falle einer Evakuation folgen sie den Anweisungen Ihres Gastgebers und\/oder denen, die Sie in Ihrem Sicherheitsbriefing erhalten haben.<\/li>\n<\/ul>\n\n\n\n<ul class=\"wp-block-list\">\n<li>Wenn Sie begleitet werden, ist es f\u00fcr sie verboten, sich allein im Datencenter zu bewegen. Bitte bleiben Sie jederzeit bei Ihrem AtlasEdge Host, es sei denn, er hat Sie anderweitig angewiesen.\u00a0<\/li>\n<\/ul>\n\n\n\n<ul class=\"wp-block-list\">\n<li>Der Zugang zu technischen Bereichen ist streng geregelt und ein solcher Zugang ist nicht gestattet, es sei denn, er wird vom Standortmanagement begleitet oder genehmigt. Ihre Accesscard erlaubt Ihnen nur den Zugriff auf die Bereiche, f\u00fcr die Sie auch autorisiert wurden. Versuchen Sie nicht, sich Zugang zu anderen Bereichen zu verschaffen, f\u00fcr die Sie nicht autorisiert wurden. Bitte tragen Sie die Ihnen ausgestellte Accesscard jederzeit sichtbar um Ihren Hals.\u00a0\u00a0<\/li>\n<\/ul>\n\n\n\n<ul class=\"wp-block-list\">\n<li>Der Zugang zu unserem gesamten Gel\u00e4nde wird zentral protokolliert und durch Video\u00fcberwachung kontrolliert. Ihre Daten werden im Einklang mit den Datenschutzbestimmungen verwaltet.<br><\/li>\n\n\n\n<li>Erlauben Sie keiner anderen Person den Zugang zu einem Bereich des Datencenters und halten Sie keine T\u00fcren offen, um jemandem den Zugang zu einer Datenhalle oder einem anderen Bereich auf dem Gel\u00e4nde des Rechenzentrums zu erm\u00f6glichen.\u00a0<\/li>\n<\/ul>\n\n\n\n<ul class=\"wp-block-list\">\n<li>Alle notwendigen pers\u00f6nlichen Schutzausr\u00fcstungen (PSA) werden unseren Besuchern zur Verf\u00fcgung gestellt. Von den Auftragnehmern wird erwartet, dass sie ihre eigenen PSA als Teil der &#8222;Work Safety&#8220; -Richtlinien des Auftragnehmers herausgeben.<\/li>\n<\/ul>\n\n\n\n<ul class=\"wp-block-list\">\n<li>Sie d\u00fcrfen nur die Arbeit abschlie\u00dfen, die in der spezifischen Risikobewertung und der Erkl\u00e4rung mit den anzuwendenden Methoden (RAMS\u2013 Risk Assessment &amp; Method Statement) aufgef\u00fchrt ist.<\/li>\n<\/ul>\n\n\n\n<ul class=\"wp-block-list\">\n<li>Bitte entfernen sie jegliches Verpackungsmaterial von Ihren Ger\u00e4ten, bevor Sie sich in den technischen Bereich des Rechenzentrums begehen.<\/li>\n<\/ul>\n\n\n\n<ul class=\"wp-block-list\">\n<li>Jegliches Verpackungsmaterial muss vom Arbeitsplatz entfernt werden oder in die richtigen Beh\u00e4lter gelegt werden, wobei es nach M\u00f6glichkeit recycelt wird.<\/li>\n<\/ul>\n\n\n\n<ul class=\"wp-block-list\">\n<li>In den Datenhallen, den Technischen R\u00e4umen &amp; den Korridoren dahin, d\u00fcrfen keine Speisen und\/oder Getr\u00e4nke konsumiert\/gehalten werden. Zu diesem Zweck benutzen Sie die speziellen daf\u00fcr vorgesehenen Bereiche f\u00fcr Besucher und Auftragnehmer, welche Ihnen zur Verf\u00fcgung stehen.<\/li>\n<\/ul>\n\n\n\n<ul class=\"wp-block-list\">\n<li>Ber\u00fchren Sie w\u00e4hrend Ihres Besuchs nichts, es sei denn, Sie wurden ausdr\u00fccklich dar\u00fcber informiert, dass Sie dies tun d\u00fcrfen, unabh\u00e4ngig davon, ob Sie begleitet werden oder nicht.<\/li>\n<\/ul>\n\n\n\n<ul class=\"wp-block-list\">\n<li>Das Rauchen im Datencenter ist strengstens verboten. F\u00fcr Raucher sind spezielle Raucherpunkte festgelegt.<\/li>\n<\/ul>\n\n\n\n<ul class=\"wp-block-list\">\n<li>W\u00e4hrend der Arbeit in den R\u00e4umlichkeiten von AtlasEdge arbeiten Sie sauber &amp; stellen sicher, dass Sie Ihren Arbeitsplatz ordentlich verlassen.<\/li>\n<\/ul>\n\n\n\n<ul class=\"wp-block-list\">\n<li>Bitte beachten Sie die Verkehrs- und Parkschilder und beschr\u00e4nken Sie Ihre Fahrgeschwindigkeit auf die Geschwindigkeitsbegrenzung des Standorts von 10 km\/h.<\/li>\n<\/ul>\n\n\n\n<ul class=\"wp-block-list\">\n<li>Wenn Sie sich nicht an die AtlasEdge Site-Regeln, das Betriebshandbuch und\/oder den Anforderungen Ihres AtlasEdge-Hosts halten, kann es zur Folge haben, dass sie gebeten werden den Standort zu verlassen und Ihre Berechtigung den Standort zu betreten kann eingeschr\u00e4nkt oder ganz widerrufen werden.<\/li>\n<\/ul>\n\n\n\n<ul class=\"wp-block-list\">\n<li>Bitte denken Sie jederzeit \u00fcber Ihre und die Sicherheitheit Ihrer Bgleitung, w\u00e4hrend Sie vor Ort sind. Bei Fragen wenden Sie sich jederzeit an das AtlasEdge Site-Team.<\/li>\n<\/ul>\n","protected":false},"excerpt":{"rendered":"","protected":false},"author":7,"featured_media":0,"parent":0,"menu_order":0,"comment_status":"closed","ping_status":"closed","template":"","meta":{"_acf_changed":true,"footnotes":""},"class_list":["post-2524","page","type-page","status-publish","hentry"],"acf":[],"yoast_head":"<!-- This site is optimized with the Yoast SEO plugin v27.5 - https:\/\/yoast.com\/product\/yoast-seo-wordpress\/ -->\n<title>Policies and Procedures German - AtlasEdge<\/title>\n<meta name=\"robots\" content=\"index, follow, max-snippet:-1, max-image-preview:large, max-video-preview:-1\" \/>\n<link rel=\"canonical\" href=\"https:\/\/atlasedge.com\/de\/policies-and-procedures-german\/\" \/>\n<meta property=\"og:locale\" content=\"de_DE\" \/>\n<meta property=\"og:type\" content=\"article\" \/>\n<meta property=\"og:title\" content=\"Policies and Procedures German - AtlasEdge\" \/>\n<meta property=\"og:url\" content=\"https:\/\/atlasedge.com\/de\/policies-and-procedures-german\/\" \/>\n<meta property=\"og:site_name\" content=\"AtlasEdge\" \/>\n<meta property=\"article:modified_time\" content=\"2024-12-08T11:37:20+00:00\" \/>\n<meta name=\"twitter:card\" content=\"summary_large_image\" \/>\n<meta name=\"twitter:label1\" content=\"Gesch\u00e4tzte Lesezeit\" \/>\n\t<meta name=\"twitter:data1\" content=\"3\u00a0Minuten\" \/>\n<script type=\"application\/ld+json\" class=\"yoast-schema-graph\">{\"@context\":\"https:\\\/\\\/schema.org\",\"@graph\":[{\"@type\":\"WebPage\",\"@id\":\"https:\\\/\\\/atlasedge.com\\\/de\\\/policies-and-procedures-german\\\/\",\"url\":\"https:\\\/\\\/atlasedge.com\\\/de\\\/policies-and-procedures-german\\\/\",\"name\":\"Policies and Procedures German - AtlasEdge\",\"isPartOf\":{\"@id\":\"https:\\\/\\\/atlasedge.com\\\/de\\\/#website\"},\"datePublished\":\"2024-10-24T08:29:40+00:00\",\"dateModified\":\"2024-12-08T11:37:20+00:00\",\"breadcrumb\":{\"@id\":\"https:\\\/\\\/atlasedge.com\\\/de\\\/policies-and-procedures-german\\\/#breadcrumb\"},\"inLanguage\":\"de\",\"potentialAction\":[{\"@type\":\"ReadAction\",\"target\":[\"https:\\\/\\\/atlasedge.com\\\/de\\\/policies-and-procedures-german\\\/\"]}]},{\"@type\":\"BreadcrumbList\",\"@id\":\"https:\\\/\\\/atlasedge.com\\\/de\\\/policies-and-procedures-german\\\/#breadcrumb\",\"itemListElement\":[{\"@type\":\"ListItem\",\"position\":1,\"name\":\"Home\",\"item\":\"https:\\\/\\\/atlasedge.com\\\/de\\\/\"},{\"@type\":\"ListItem\",\"position\":2,\"name\":\"Policies and Procedures German\"}]},{\"@type\":\"WebSite\",\"@id\":\"https:\\\/\\\/atlasedge.com\\\/de\\\/#website\",\"url\":\"https:\\\/\\\/atlasedge.com\\\/de\\\/\",\"name\":\"AtlasEdge\",\"description\":\"\",\"publisher\":{\"@id\":\"https:\\\/\\\/atlasedge.com\\\/de\\\/#organization\"},\"potentialAction\":[{\"@type\":\"SearchAction\",\"target\":{\"@type\":\"EntryPoint\",\"urlTemplate\":\"https:\\\/\\\/atlasedge.com\\\/de\\\/?s={search_term_string}\"},\"query-input\":{\"@type\":\"PropertyValueSpecification\",\"valueRequired\":true,\"valueName\":\"search_term_string\"}}],\"inLanguage\":\"de\"},{\"@type\":\"Organization\",\"@id\":\"https:\\\/\\\/atlasedge.com\\\/de\\\/#organization\",\"name\":\"AtlasEdge\",\"url\":\"https:\\\/\\\/atlasedge.com\\\/de\\\/\",\"logo\":{\"@type\":\"ImageObject\",\"inLanguage\":\"de\",\"@id\":\"https:\\\/\\\/atlasedge.com\\\/de\\\/#\\\/schema\\\/logo\\\/image\\\/\",\"url\":\"http:\\\/\\\/atlasedge.com\\\/wp-content\\\/uploads\\\/2024\\\/05\\\/brand_logo_secondary_red_black.png\",\"contentUrl\":\"http:\\\/\\\/atlasedge.com\\\/wp-content\\\/uploads\\\/2024\\\/05\\\/brand_logo_secondary_red_black.png\",\"width\":1010,\"height\":568,\"caption\":\"AtlasEdge\"},\"image\":{\"@id\":\"https:\\\/\\\/atlasedge.com\\\/de\\\/#\\\/schema\\\/logo\\\/image\\\/\"},\"sameAs\":[\"https:\\\/\\\/www.linkedin.com\\\/company\\\/atlasedge\\\/\",\"https:\\\/\\\/www.instagram.com\\\/atlasedge_\\\/\",\"https:\\\/\\\/www.youtube.com\\\/channel\\\/UCalrEScMyrV7s-G8PRXiXHQ\"]}]}<\/script>\n<!-- \/ Yoast SEO plugin. -->","yoast_head_json":{"title":"Policies and Procedures German - AtlasEdge","robots":{"index":"index","follow":"follow","max-snippet":"max-snippet:-1","max-image-preview":"max-image-preview:large","max-video-preview":"max-video-preview:-1"},"canonical":"https:\/\/atlasedge.com\/de\/policies-and-procedures-german\/","og_locale":"de_DE","og_type":"article","og_title":"Policies and Procedures German - AtlasEdge","og_url":"https:\/\/atlasedge.com\/de\/policies-and-procedures-german\/","og_site_name":"AtlasEdge","article_modified_time":"2024-12-08T11:37:20+00:00","twitter_card":"summary_large_image","twitter_misc":{"Gesch\u00e4tzte Lesezeit":"3\u00a0Minuten"},"schema":{"@context":"https:\/\/schema.org","@graph":[{"@type":"WebPage","@id":"https:\/\/atlasedge.com\/de\/policies-and-procedures-german\/","url":"https:\/\/atlasedge.com\/de\/policies-and-procedures-german\/","name":"Policies and Procedures German - AtlasEdge","isPartOf":{"@id":"https:\/\/atlasedge.com\/de\/#website"},"datePublished":"2024-10-24T08:29:40+00:00","dateModified":"2024-12-08T11:37:20+00:00","breadcrumb":{"@id":"https:\/\/atlasedge.com\/de\/policies-and-procedures-german\/#breadcrumb"},"inLanguage":"de","potentialAction":[{"@type":"ReadAction","target":["https:\/\/atlasedge.com\/de\/policies-and-procedures-german\/"]}]},{"@type":"BreadcrumbList","@id":"https:\/\/atlasedge.com\/de\/policies-and-procedures-german\/#breadcrumb","itemListElement":[{"@type":"ListItem","position":1,"name":"Home","item":"https:\/\/atlasedge.com\/de\/"},{"@type":"ListItem","position":2,"name":"Policies and Procedures German"}]},{"@type":"WebSite","@id":"https:\/\/atlasedge.com\/de\/#website","url":"https:\/\/atlasedge.com\/de\/","name":"AtlasEdge","description":"","publisher":{"@id":"https:\/\/atlasedge.com\/de\/#organization"},"potentialAction":[{"@type":"SearchAction","target":{"@type":"EntryPoint","urlTemplate":"https:\/\/atlasedge.com\/de\/?s={search_term_string}"},"query-input":{"@type":"PropertyValueSpecification","valueRequired":true,"valueName":"search_term_string"}}],"inLanguage":"de"},{"@type":"Organization","@id":"https:\/\/atlasedge.com\/de\/#organization","name":"AtlasEdge","url":"https:\/\/atlasedge.com\/de\/","logo":{"@type":"ImageObject","inLanguage":"de","@id":"https:\/\/atlasedge.com\/de\/#\/schema\/logo\/image\/","url":"http:\/\/atlasedge.com\/wp-content\/uploads\/2024\/05\/brand_logo_secondary_red_black.png","contentUrl":"http:\/\/atlasedge.com\/wp-content\/uploads\/2024\/05\/brand_logo_secondary_red_black.png","width":1010,"height":568,"caption":"AtlasEdge"},"image":{"@id":"https:\/\/atlasedge.com\/de\/#\/schema\/logo\/image\/"},"sameAs":["https:\/\/www.linkedin.com\/company\/atlasedge\/","https:\/\/www.instagram.com\/atlasedge_\/","https:\/\/www.youtube.com\/channel\/UCalrEScMyrV7s-G8PRXiXHQ"]}]}},"_links":{"self":[{"href":"https:\/\/atlasedge.com\/de\/wp-json\/wp\/v2\/pages\/2524","targetHints":{"allow":["GET"]}}],"collection":[{"href":"https:\/\/atlasedge.com\/de\/wp-json\/wp\/v2\/pages"}],"about":[{"href":"https:\/\/atlasedge.com\/de\/wp-json\/wp\/v2\/types\/page"}],"author":[{"embeddable":true,"href":"https:\/\/atlasedge.com\/de\/wp-json\/wp\/v2\/users\/7"}],"replies":[{"embeddable":true,"href":"https:\/\/atlasedge.com\/de\/wp-json\/wp\/v2\/comments?post=2524"}],"version-history":[{"count":0,"href":"https:\/\/atlasedge.com\/de\/wp-json\/wp\/v2\/pages\/2524\/revisions"}],"wp:attachment":[{"href":"https:\/\/atlasedge.com\/de\/wp-json\/wp\/v2\/media?parent=2524"}],"curies":[{"name":"wp","href":"https:\/\/api.w.org\/{rel}","templated":true}]}}