{"id":2544,"date":"2024-05-11T09:29:55","date_gmt":"2024-05-11T09:29:55","guid":{"rendered":"https:\/\/atlasedge.com\/sustainability\/"},"modified":"2025-08-21T09:05:13","modified_gmt":"2025-08-21T09:05:13","slug":"nachhaltigkeit","status":"publish","type":"page","link":"https:\/\/atlasedge.com\/de\/nachhaltigkeit\/","title":{"rendered":"Nachhaltigkeit"},"content":{"rendered":"","protected":false},"excerpt":{"rendered":"","protected":false},"author":1,"featured_media":0,"parent":0,"menu_order":0,"comment_status":"closed","ping_status":"closed","template":"","meta":{"_acf_changed":true,"footnotes":""},"class_list":["post-2544","page","type-page","status-publish","hentry"],"acf":[],"yoast_head":"<!-- This site is optimized with the Yoast SEO plugin v27.3 - https:\/\/yoast.com\/product\/yoast-seo-wordpress\/ -->\n<title>Effiziente Rechenzentren f\u00fcr eine nachhaltige digitale Gesellschaft<\/title>\n<meta name=\"description\" content=\"Erfahren Sie mehr \u00fcber unsere Strategie zur F\u00f6rderung der Nachhaltigkeit und Energieeffizienz von Rechenzentren f\u00fcr eine nachhaltige Zukunft.\" \/>\n<meta name=\"robots\" content=\"index, follow, max-snippet:-1, max-image-preview:large, max-video-preview:-1\" \/>\n<link rel=\"canonical\" href=\"https:\/\/atlasedge.com\/de\/nachhaltigkeit\/\" \/>\n<meta property=\"og:locale\" content=\"de_DE\" \/>\n<meta property=\"og:type\" content=\"article\" \/>\n<meta property=\"og:title\" content=\"Effiziente Rechenzentren f\u00fcr eine nachhaltige digitale Gesellschaft\" \/>\n<meta property=\"og:description\" content=\"Erfahren Sie mehr \u00fcber unsere Strategie zur F\u00f6rderung der Nachhaltigkeit und Energieeffizienz von Rechenzentren f\u00fcr eine nachhaltige Zukunft.\" \/>\n<meta property=\"og:url\" content=\"https:\/\/atlasedge.com\/de\/nachhaltigkeit\/\" \/>\n<meta property=\"og:site_name\" content=\"AtlasEdge\" \/>\n<meta property=\"article:modified_time\" content=\"2025-08-21T09:05:13+00:00\" \/>\n<meta name=\"twitter:card\" content=\"summary_large_image\" \/>\n<meta name=\"twitter:label1\" content=\"Gesch\u00e4tzte Lesezeit\" \/>\n\t<meta name=\"twitter:data1\" content=\"7\u00a0Minuten\" \/>\n<script type=\"application\/ld+json\" class=\"yoast-schema-graph\">{\"@context\":\"https:\\\/\\\/schema.org\",\"@graph\":[{\"@type\":\"WebPage\",\"@id\":\"https:\\\/\\\/atlasedge.com\\\/de\\\/nachhaltigkeit\\\/\",\"url\":\"https:\\\/\\\/atlasedge.com\\\/de\\\/nachhaltigkeit\\\/\",\"name\":\"Effiziente Rechenzentren f\u00fcr eine nachhaltige digitale Gesellschaft\",\"isPartOf\":{\"@id\":\"https:\\\/\\\/atlasedge.com\\\/de\\\/#website\"},\"datePublished\":\"2024-05-11T09:29:55+00:00\",\"dateModified\":\"2025-08-21T09:05:13+00:00\",\"description\":\"Erfahren Sie mehr \u00fcber unsere Strategie zur F\u00f6rderung der Nachhaltigkeit und Energieeffizienz von Rechenzentren f\u00fcr eine nachhaltige Zukunft.\",\"breadcrumb\":{\"@id\":\"https:\\\/\\\/atlasedge.com\\\/de\\\/nachhaltigkeit\\\/#breadcrumb\"},\"inLanguage\":\"de\",\"potentialAction\":[{\"@type\":\"ReadAction\",\"target\":[\"https:\\\/\\\/atlasedge.com\\\/de\\\/nachhaltigkeit\\\/\"]}]},{\"@type\":\"BreadcrumbList\",\"@id\":\"https:\\\/\\\/atlasedge.com\\\/de\\\/nachhaltigkeit\\\/#breadcrumb\",\"itemListElement\":[{\"@type\":\"ListItem\",\"position\":1,\"name\":\"Home\",\"item\":\"https:\\\/\\\/atlasedge.com\\\/de\\\/\"},{\"@type\":\"ListItem\",\"position\":2,\"name\":\"Nachhaltigkeit\"}]},{\"@type\":\"WebSite\",\"@id\":\"https:\\\/\\\/atlasedge.com\\\/de\\\/#website\",\"url\":\"https:\\\/\\\/atlasedge.com\\\/de\\\/\",\"name\":\"AtlasEdge\",\"description\":\"\",\"publisher\":{\"@id\":\"https:\\\/\\\/atlasedge.com\\\/de\\\/#organization\"},\"potentialAction\":[{\"@type\":\"SearchAction\",\"target\":{\"@type\":\"EntryPoint\",\"urlTemplate\":\"https:\\\/\\\/atlasedge.com\\\/de\\\/?s={search_term_string}\"},\"query-input\":{\"@type\":\"PropertyValueSpecification\",\"valueRequired\":true,\"valueName\":\"search_term_string\"}}],\"inLanguage\":\"de\"},{\"@type\":\"Organization\",\"@id\":\"https:\\\/\\\/atlasedge.com\\\/de\\\/#organization\",\"name\":\"AtlasEdge\",\"url\":\"https:\\\/\\\/atlasedge.com\\\/de\\\/\",\"logo\":{\"@type\":\"ImageObject\",\"inLanguage\":\"de\",\"@id\":\"https:\\\/\\\/atlasedge.com\\\/de\\\/#\\\/schema\\\/logo\\\/image\\\/\",\"url\":\"http:\\\/\\\/atlasedge.com\\\/wp-content\\\/uploads\\\/2024\\\/05\\\/brand_logo_secondary_red_black.png\",\"contentUrl\":\"http:\\\/\\\/atlasedge.com\\\/wp-content\\\/uploads\\\/2024\\\/05\\\/brand_logo_secondary_red_black.png\",\"width\":1010,\"height\":568,\"caption\":\"AtlasEdge\"},\"image\":{\"@id\":\"https:\\\/\\\/atlasedge.com\\\/de\\\/#\\\/schema\\\/logo\\\/image\\\/\"},\"sameAs\":[\"https:\\\/\\\/www.linkedin.com\\\/company\\\/atlasedge\\\/\",\"https:\\\/\\\/www.instagram.com\\\/atlasedge_\\\/\",\"https:\\\/\\\/www.youtube.com\\\/channel\\\/UCalrEScMyrV7s-G8PRXiXHQ\"]}]}<\/script>\n<!-- \/ Yoast SEO plugin. -->","yoast_head_json":{"title":"Effiziente Rechenzentren f\u00fcr eine nachhaltige digitale Gesellschaft","description":"Erfahren Sie mehr \u00fcber unsere Strategie zur F\u00f6rderung der Nachhaltigkeit und Energieeffizienz von Rechenzentren f\u00fcr eine nachhaltige Zukunft.","robots":{"index":"index","follow":"follow","max-snippet":"max-snippet:-1","max-image-preview":"max-image-preview:large","max-video-preview":"max-video-preview:-1"},"canonical":"https:\/\/atlasedge.com\/de\/nachhaltigkeit\/","og_locale":"de_DE","og_type":"article","og_title":"Effiziente Rechenzentren f\u00fcr eine nachhaltige digitale Gesellschaft","og_description":"Erfahren Sie mehr \u00fcber unsere Strategie zur F\u00f6rderung der Nachhaltigkeit und Energieeffizienz von Rechenzentren f\u00fcr eine nachhaltige Zukunft.","og_url":"https:\/\/atlasedge.com\/de\/nachhaltigkeit\/","og_site_name":"AtlasEdge","article_modified_time":"2025-08-21T09:05:13+00:00","twitter_card":"summary_large_image","twitter_misc":{"Gesch\u00e4tzte Lesezeit":"7\u00a0Minuten"},"schema":{"@context":"https:\/\/schema.org","@graph":[{"@type":"WebPage","@id":"https:\/\/atlasedge.com\/de\/nachhaltigkeit\/","url":"https:\/\/atlasedge.com\/de\/nachhaltigkeit\/","name":"Effiziente Rechenzentren f\u00fcr eine nachhaltige digitale Gesellschaft","isPartOf":{"@id":"https:\/\/atlasedge.com\/de\/#website"},"datePublished":"2024-05-11T09:29:55+00:00","dateModified":"2025-08-21T09:05:13+00:00","description":"Erfahren Sie mehr \u00fcber unsere Strategie zur F\u00f6rderung der Nachhaltigkeit und Energieeffizienz von Rechenzentren f\u00fcr eine nachhaltige Zukunft.","breadcrumb":{"@id":"https:\/\/atlasedge.com\/de\/nachhaltigkeit\/#breadcrumb"},"inLanguage":"de","potentialAction":[{"@type":"ReadAction","target":["https:\/\/atlasedge.com\/de\/nachhaltigkeit\/"]}]},{"@type":"BreadcrumbList","@id":"https:\/\/atlasedge.com\/de\/nachhaltigkeit\/#breadcrumb","itemListElement":[{"@type":"ListItem","position":1,"name":"Home","item":"https:\/\/atlasedge.com\/de\/"},{"@type":"ListItem","position":2,"name":"Nachhaltigkeit"}]},{"@type":"WebSite","@id":"https:\/\/atlasedge.com\/de\/#website","url":"https:\/\/atlasedge.com\/de\/","name":"AtlasEdge","description":"","publisher":{"@id":"https:\/\/atlasedge.com\/de\/#organization"},"potentialAction":[{"@type":"SearchAction","target":{"@type":"EntryPoint","urlTemplate":"https:\/\/atlasedge.com\/de\/?s={search_term_string}"},"query-input":{"@type":"PropertyValueSpecification","valueRequired":true,"valueName":"search_term_string"}}],"inLanguage":"de"},{"@type":"Organization","@id":"https:\/\/atlasedge.com\/de\/#organization","name":"AtlasEdge","url":"https:\/\/atlasedge.com\/de\/","logo":{"@type":"ImageObject","inLanguage":"de","@id":"https:\/\/atlasedge.com\/de\/#\/schema\/logo\/image\/","url":"http:\/\/atlasedge.com\/wp-content\/uploads\/2024\/05\/brand_logo_secondary_red_black.png","contentUrl":"http:\/\/atlasedge.com\/wp-content\/uploads\/2024\/05\/brand_logo_secondary_red_black.png","width":1010,"height":568,"caption":"AtlasEdge"},"image":{"@id":"https:\/\/atlasedge.com\/de\/#\/schema\/logo\/image\/"},"sameAs":["https:\/\/www.linkedin.com\/company\/atlasedge\/","https:\/\/www.instagram.com\/atlasedge_\/","https:\/\/www.youtube.com\/channel\/UCalrEScMyrV7s-G8PRXiXHQ"]}]}},"_links":{"self":[{"href":"https:\/\/atlasedge.com\/de\/wp-json\/wp\/v2\/pages\/2544","targetHints":{"allow":["GET"]}}],"collection":[{"href":"https:\/\/atlasedge.com\/de\/wp-json\/wp\/v2\/pages"}],"about":[{"href":"https:\/\/atlasedge.com\/de\/wp-json\/wp\/v2\/types\/page"}],"author":[{"embeddable":true,"href":"https:\/\/atlasedge.com\/de\/wp-json\/wp\/v2\/users\/1"}],"replies":[{"embeddable":true,"href":"https:\/\/atlasedge.com\/de\/wp-json\/wp\/v2\/comments?post=2544"}],"version-history":[{"count":0,"href":"https:\/\/atlasedge.com\/de\/wp-json\/wp\/v2\/pages\/2544\/revisions"}],"wp:attachment":[{"href":"https:\/\/atlasedge.com\/de\/wp-json\/wp\/v2\/media?parent=2544"}],"curies":[{"name":"wp","href":"https:\/\/api.w.org\/{rel}","templated":true}]}}